{"id":18,"date":"2024-11-25T16:27:25","date_gmt":"2024-11-25T16:27:25","guid":{"rendered":"https:\/\/sthockey.snaplink.fi\/?page_id=18"},"modified":"2026-02-09T07:38:44","modified_gmt":"2026-02-09T07:38:44","slug":"kotisivu","status":"publish","type":"page","link":"https:\/\/sthockey.com\/en\/","title":{"rendered":"Kotisivu"},"content":{"rendered":"<section class=\"bde-section-18-191 bde-section\">\n              \n  \n  \n\t    \n      <div class=\"section-background-video\">\n              <video\n          autoplay\n          muted\n                      playsinline\n                                loop\n                          >\n        <source src=\"https:\/\/sthockey.com\/wp-content\/uploads\/2026\/02\/STH_banner_19s_low_720p.mp4\" type=\"video\/mp4\" \/>\n      <\/video>\n      <\/div>\n\n\n\n\n<div class=\"section-container\"><img decoding=\"async\" class=\"bde-image2-18-165 bde-image2\" src=\"https:\/\/sthockey.com\/wp-content\/uploads\/2026\/01\/sth_netti-2.png\" loading=\"lazy\" srcset=\"https:\/\/sthockey.com\/wp-content\/uploads\/2026\/01\/sth_netti-2.png 1920w, https:\/\/sthockey.com\/wp-content\/uploads\/2026\/01\/sth_netti-2-300x200.png 300w, https:\/\/sthockey.com\/wp-content\/uploads\/2026\/01\/sth_netti-2-1024x684.png 1024w, https:\/\/sthockey.com\/wp-content\/uploads\/2026\/01\/sth_netti-2-768x513.png 768w, https:\/\/sthockey.com\/wp-content\/uploads\/2026\/01\/sth_netti-2-1536x1026.png 1536w, https:\/\/sthockey.com\/wp-content\/uploads\/2026\/01\/sth_netti-2-18x12.png 18w\" sizes=\"(max-width: 1920px) 100vw, 1920px\"><div class=\"bde-button-18-166 bde-button\">\n        \n    \n    \n    \n    \n            \n                    \n            \n            \n\n    \n    \n    \n    \n    \n    <a class=\"breakdance-link button-atom button-atom--primary bde-button__button\" href=\"https:\/\/sthockey2026.torneopal.fi\/\" target=\"_self\" data-type=\"url\"  >\n\n    \n        <span class=\"button-atom__text\">ILMOITTAUDU<\/span>\n\n        \n        \n                <\/a>\n\n    \n\n\n<\/div><\/div>\n<\/section><section class=\"bde-section-18-164 bde-section\">\n  \n  \n\t\n\n\n\n<div class=\"section-container\"><div class=\"bde-grid-18-193 bde-grid\">\n  \n  \n\t\n\n\n\n<div class=\"bde-div-18-197 bde-div\">\n  \n  \n\t\n\n\n\n<div class=\"bde-icon-18-202 bde-icon\">\n\n    \n            <div class=\"bde-icon-icon breakdance-icon-atom\" >\n    \n                    <svg xmlns=\"http:\/\/www.w3.org\/2000\/svg\" viewBox=\"0 0 576 512\"><!--! Font Awesome Free 6.5.1 by @fontawesome - https:\/\/fontawesome.com License - https:\/\/fontawesome.com\/license\/free (Icons: CC BY 4.0, Fonts: SIL OFL 1.1, Code: MIT License) Copyright 2023 Fonticons, Inc. --><path d=\"M400 0H176c-26.5 0-48.1 21.8-47.1 48.2c.2 5.3 .4 10.6 .7 15.8H24C10.7 64 0 74.7 0 88c0 92.6 33.5 157 78.5 200.7c44.3 43.1 98.3 64.8 138.1 75.8c23.4 6.5 39.4 26 39.4 45.6c0 20.9-17 37.9-37.9 37.9H192c-17.7 0-32 14.3-32 32s14.3 32 32 32H384c17.7 0 32-14.3 32-32s-14.3-32-32-32H357.9C337 448 320 431 320 410.1c0-19.6 15.9-39.2 39.4-45.6c39.9-11 93.9-32.7 138.2-75.8C542.5 245 576 180.6 576 88c0-13.3-10.7-24-24-24H446.4c.3-5.2 .5-10.4 .7-15.8C448.1 21.8 426.5 0 400 0zM48.9 112h84.4c9.1 90.1 29.2 150.3 51.9 190.6c-24.9-11-50.8-26.5-73.2-48.3c-32-31.1-58-76-63-142.3zM464.1 254.3c-22.4 21.8-48.3 37.3-73.2 48.3c22.7-40.3 42.8-100.5 51.9-190.6h84.4c-5.1 66.3-31.1 111.2-63 142.3z\"\/><\/svg>\n        \n        \n        \n            <\/div>\n    \n\n\n<\/div><div class=\"bde-text-18-188 bde-text\">\nSt Hockey Tour j\u00e4rjestet\u00e4\u00e4n j\u00e4lleen kes\u00e4ll\u00e4 2026!\n<\/div>\n<\/div><div class=\"bde-div-18-198 bde-div\">\n  \n  \n\t\n\n\n\n<div class=\"bde-icon-18-206 bde-icon\">\n\n    \n            <div class=\"bde-icon-icon breakdance-icon-atom\" >\n    \n                    <svg xmlns=\"http:\/\/www.w3.org\/2000\/svg\" viewBox=\"0 0 512 512\"><!--! Font Awesome Free 6.5.1 by @fontawesome - https:\/\/fontawesome.com License - https:\/\/fontawesome.com\/license\/free (Icons: CC BY 4.0, Fonts: SIL OFL 1.1, Code: MIT License) Copyright 2023 Fonticons, Inc. --><path d=\"M256 256C114.6 256 0 213 0 160s114.6-96 256-96s256 43 256 96s-114.6 96-256 96zm192.3 1.8c24.7-9.3 46.9-21 63.7-35.6V352c0 53-114.6 96-256 96S0 405 0 352V222.3c16.8 14.6 39 26.3 63.7 35.6C114.5 276.9 182.5 288 256 288s141.5-11.1 192.3-30.2z\"\/><\/svg>\n        \n        \n        \n            <\/div>\n    \n\n\n<\/div><div class=\"bde-text-18-189 bde-text\">\nVuosittain j\u00e4rjestett\u00e4v\u00e4 matalan kynnyksen katul\u00e4tk\u00e4kiertue\n<\/div>\n<\/div><div class=\"bde-div-18-199 bde-div\">\n  \n  \n\t\n\n\n\n<div class=\"bde-icon-18-205 bde-icon\">\n\n    \n            <div class=\"bde-icon-icon breakdance-icon-atom\" >\n    \n                    <svg xmlns=\"http:\/\/www.w3.org\/2000\/svg\" id=\"icon-location\" viewBox=\"0 0 32 32\">\n<path d=\"M16 0c-5.523 0-10 4.477-10 10 0 10 10 22 10 22s10-12 10-22c0-5.523-4.477-10-10-10zM16 16c-3.314 0-6-2.686-6-6s2.686-6 6-6 6 2.686 6 6-2.686 6-6 6z\"\/>\n<\/svg>\n        \n        \n        \n            <\/div>\n    \n\n\n<\/div><div class=\"bde-text-18-194 bde-text\">\nViisi upeaa turnausviikonloppua ymp\u00e4ri Suomen\n<\/div>\n<\/div><div class=\"bde-div-18-200 bde-div\">\n  \n  \n\t\n\n\n\n<div class=\"bde-icon-18-204 bde-icon\">\n\n    \n            <div class=\"bde-icon-icon breakdance-icon-atom\" >\n    \n                    <svg xmlns=\"http:\/\/www.w3.org\/2000\/svg\" viewBox=\"0 0 640 512\"><!--! Font Awesome Free 6.5.1 by @fontawesome - https:\/\/fontawesome.com License - https:\/\/fontawesome.com\/license\/free (Icons: CC BY 4.0, Fonts: SIL OFL 1.1, Code: MIT License) Copyright 2023 Fonticons, Inc. --><path d=\"M72 88a56 56 0 1 1 112 0A56 56 0 1 1 72 88zM64 245.7C54 256.9 48 271.8 48 288s6 31.1 16 42.3V245.7zm144.4-49.3C178.7 222.7 160 261.2 160 304c0 34.3 12 65.8 32 90.5V416c0 17.7-14.3 32-32 32H96c-17.7 0-32-14.3-32-32V389.2C26.2 371.2 0 332.7 0 288c0-61.9 50.1-112 112-112h32c24 0 46.2 7.5 64.4 20.3zM448 416V394.5c20-24.7 32-56.2 32-90.5c0-42.8-18.7-81.3-48.4-107.7C449.8 183.5 472 176 496 176h32c61.9 0 112 50.1 112 112c0 44.7-26.2 83.2-64 101.2V416c0 17.7-14.3 32-32 32H480c-17.7 0-32-14.3-32-32zm8-328a56 56 0 1 1 112 0A56 56 0 1 1 456 88zM576 245.7v84.7c10-11.3 16-26.1 16-42.3s-6-31.1-16-42.3zM320 32a64 64 0 1 1 0 128 64 64 0 1 1 0-128zM240 304c0 16.2 6 31 16 42.3V261.7c-10 11.3-16 26.1-16 42.3zm144-42.3v84.7c10-11.3 16-26.1 16-42.3s-6-31.1-16-42.3zM448 304c0 44.7-26.2 83.2-64 101.2V448c0 17.7-14.3 32-32 32H288c-17.7 0-32-14.3-32-32V405.2c-37.8-18-64-56.5-64-101.2c0-61.9 50.1-112 112-112h32c61.9 0 112 50.1 112 112z\"\/><\/svg>\n        \n        \n        \n            <\/div>\n    \n\n\n<\/div><div class=\"bde-text-18-195 bde-text\">\nSarjat naisille ja miehille sek\u00e4 harrastesarja sekajoukkueille.\n<\/div>\n<\/div><div class=\"bde-div-18-201 bde-div\">\n  \n  \n\t\n\n\n\n<div class=\"bde-icon-18-203 bde-icon\">\n\n    \n            <div class=\"bde-icon-icon breakdance-icon-atom\" >\n    \n                    <svg xmlns=\"http:\/\/www.w3.org\/2000\/svg\" id=\"icon-clipboard\" viewBox=\"0 0 32 32\">\n<path d=\"M29 4h-9c0-2.209-1.791-4-4-4s-4 1.791-4 4h-9c-0.552 0-1 0.448-1 1v26c0 0.552 0.448 1 1 1h26c0.552 0 1-0.448 1-1v-26c0-0.552-0.448-1-1-1zM16 2c1.105 0 2 0.895 2 2s-0.895 2-2 2c-1.105 0-2-0.895-2-2s0.895-2 2-2zM28 30h-24v-24h4v3c0 0.552 0.448 1 1 1h14c0.552 0 1-0.448 1-1v-3h4v24z\"\/>\n<path d=\"M14 26.828l-6.414-7.414 1.828-1.828 4.586 3.586 8.586-7.586 1.829 1.828z\"\/>\n<\/svg>\n        \n        \n        \n            <\/div>\n    \n\n\n<\/div><div class=\"bde-text-18-196 bde-text\">\nPelimuotona<br>5 vs 5\n<\/div>\n<\/div>\n<\/div><\/div>\n<\/section><section class=\"bde-section-18-170 bde-section\">\n  \n  \n\t\n\n\n\n<div class=\"section-container\"><h2 class=\"bde-heading-18-207 bde-heading\">\nSt Hockey Tour 2026\n<\/h2><div class=\"bde-text-18-174 bde-text\">\nSt Hockey Tour 2026 pelataan viiten\u00e4 eri tapahtumaviikonloppuna, kiertue huipentuu Helsingin Narinkkatorin finaalitapahtumaan!<br>Ilmoittautuminen kes\u00e4lle 2026 on auki!\n<\/div><div class=\"bde-button-18-175 bde-button\">\n        \n    \n    \n    \n    \n            \n                    \n            \n            \n\n    \n    \n    \n    \n    \n    <a class=\"breakdance-link button-atom button-atom--primary bde-button__button\" href=\"https:\/\/sthockey2026.torneopal.fi\/\" target=\"_self\" data-type=\"url\"  >\n\n    \n        <span class=\"button-atom__text\">ILMOITTAUDU<\/span>\n\n        \n        \n                <\/a>\n\n    \n\n\n<\/div><img decoding=\"async\" class=\"bde-image2-18-209 bde-image2\" src=\"https:\/\/sthockey.com\/wp-content\/uploads\/2026\/02\/StHockey_IG_pysty-600-600.png\" loading=\"lazy\"><div class=\"bde-social-icons-18-176 bde-social-icons\">\n                  \n            \n            \n\n    \n    \n    \n    \n    \n    <a class=\"breakdance-link bde-social-icons__icon-wrapper bde-social-icons__icon-facebook\" href=\"https:\/\/www.facebook.com\/Sthockeytour\/\" target=\"_self\" data-type=\"url\" aria-label=\"facebook\" >\n\n             <svg xmlns=\"http:\/\/www.w3.org\/2000\/svg\" width=\"100%\" viewBox=\"0 0 24 24\">\n            <path d=\"M9 8h-3v4h3v12h5v-12h3.642l.358-4h-4v-1.667c0-.955.192-1.333 1.115-1.333h2.885v-5h-3.808c-3.596 0-5.192 1.583-5.192 4.615v3.385z\"\/>\n       <\/svg>\n              <\/a>\n\n                    \n            \n            \n\n    \n    \n    \n    \n    \n    <a class=\"breakdance-link bde-social-icons__icon-wrapper bde-social-icons__icon-instagram\" href=\"https:\/\/www.instagram.com\/sthockeytour\" target=\"_self\" data-type=\"url\" aria-label=\"instagram\" >\n\n             <svg xmlns=\"http:\/\/www.w3.org\/2000\/svg\" width=\"100%\" viewBox=\"0 0 24 24\">\n            <path d=\"M12 2.163c3.204 0 3.584.012 4.85.07 3.252.148 4.771 1.691 4.919 4.919.058 1.265.069 1.645.069 4.849 0 3.205-.012 3.584-.069 4.849-.149 3.225-1.664 4.771-4.919 4.919-1.266.058-1.644.07-4.85.07-3.204 0-3.584-.012-4.849-.07-3.26-.149-4.771-1.699-4.919-4.92-.058-1.265-.07-1.644-.07-4.849 0-3.204.013-3.583.07-4.849.149-3.227 1.664-4.771 4.919-4.919 1.266-.057 1.645-.069 4.849-.069zm0-2.163c-3.259 0-3.667.014-4.947.072-4.358.2-6.78 2.618-6.98 6.98-.059 1.281-.073 1.689-.073 4.948 0 3.259.014 3.668.072 4.948.2 4.358 2.618 6.78 6.98 6.98 1.281.058 1.689.072 4.948.072 3.259 0 3.668-.014 4.948-.072 4.354-.2 6.782-2.618 6.979-6.98.059-1.28.073-1.689.073-4.948 0-3.259-.014-3.667-.072-4.947-.196-4.354-2.617-6.78-6.979-6.98-1.281-.059-1.69-.073-4.949-.073zm0 5.838c-3.403 0-6.162 2.759-6.162 6.162s2.759 6.163 6.162 6.163 6.162-2.759 6.162-6.163c0-3.403-2.759-6.162-6.162-6.162zm0 10.162c-2.209 0-4-1.79-4-4 0-2.209 1.791-4 4-4s4 1.791 4 4c0 2.21-1.791 4-4 4zm6.406-11.845c-.796 0-1.441.645-1.441 1.44s.645 1.44 1.441 1.44c.795 0 1.439-.645 1.439-1.44s-.644-1.44-1.439-1.44z\"\/>\n       <\/svg>\n              <\/a>\n\n                    \n            \n            \n\n    \n    \n    \n    \n    \n    <a class=\"breakdance-link bde-social-icons__icon-wrapper bde-social-icons__icon-youtube\" href=\"https:\/\/www.youtube.com\/channel\/UCCDuofOmyUZVC6s1tqCB8GQ\" target=\"_self\" data-type=\"url\" aria-label=\"youtube\" >\n\n             <svg xmlns=\"http:\/\/www.w3.org\/2000\/svg\" width=\"100%\" viewBox=\"0 0 24 24\">\n            <path d=\"M19.615 3.184c-3.604-.246-11.631-.245-15.23 0-3.897.266-4.356 2.62-4.385 8.816.029 6.185.484 8.549 4.385 8.816 3.6.245 11.626.246 15.23 0 3.897-.266 4.356-2.62 4.385-8.816-.029-6.185-.484-8.549-4.385-8.816zm-10.615 12.816v-8l8 3.993-8 4.007z\"\/>\n       <\/svg>\n              <\/a>\n\n                    \n            \n            \n\n    \n    \n    \n    \n    \n    <a class=\"breakdance-link bde-social-icons__icon-wrapper bde-social-icons__icon-custom\" href=\"https:\/\/www.tiktok.com\/@streethockeytour?is_from_webapp=1&sender_device=pc\" target=\"_self\" data-type=\"url\" aria-label=\"custom\" >\n\n                        <svg xmlns=\"http:\/\/www.w3.org\/2000\/svg\" viewBox=\"0 0 448 512\"><!--! Font Awesome Free 6.5.1 by @fontawesome - https:\/\/fontawesome.com License - https:\/\/fontawesome.com\/license\/free (Icons: CC BY 4.0, Fonts: SIL OFL 1.1, Code: MIT License) Copyright 2023 Fonticons, Inc. --><path d=\"M448,209.91a210.06,210.06,0,0,1-122.77-39.25V349.38A162.55,162.55,0,1,1,185,188.31V278.2a74.62,74.62,0,1,0,52.23,71.18V0l88,0a121.18,121.18,0,0,0,1.86,22.17h0A122.18,122.18,0,0,0,381,102.39a121.43,121.43,0,0,0,67,20.14Z\"\/><\/svg>\n                      <\/a>\n\n    \n<\/div><div class=\"bde-button-18-179 bde-button\">\n        \n    \n    \n    \n    \n            \n                    \n            \n            \n\n    \n    \n    \n    \n    \n    <a class=\"breakdance-link button-atom button-atom--primary bde-button__button\" href=\"https:\/\/sthockey.com\/kiertueinfo\/\" target=\"_blank\" data-type=\"url\"  >\n\n    \n        <span class=\"button-atom__text\">Info, s\u00e4\u00e4nn\u00f6t ja sarjat<\/span>\n\n        \n        \n                <\/a>\n\n    \n\n\n<\/div><\/div>\n<\/section><section id=\"otayhteytta\" class=\"bde-section-18-184 bde-section\">\n  \n  \n\t\n\n\n\n<div class=\"section-container\"><h2 class=\"bde-heading-18-187 bde-heading\">\nOta yhteytt\u00e4\n<\/h2><div class=\"bde-form-builder-18-186 bde-form-builder\">\n\n<form id=\"contact-form186\" class=\"breakdance-form breakdance-form--vertical\" data-options=\"{&quot;slug&quot;:&quot;custom&quot;,&quot;name&quot;:&quot;Contact Form&quot;,&quot;ajaxUrl&quot;:&quot;https:\\\/\\\/sthockey.com\\\/wp-admin\\\/admin-ajax.php&quot;,&quot;clearOnSuccess&quot;:true,&quot;hideOnSuccess&quot;:false,&quot;successMessage&quot;:&quot;Your message has been received!&quot;,&quot;errorMessage&quot;:&quot;Something went wrong&quot;,&quot;redirect&quot;:false,&quot;redirectUrl&quot;:&quot;&quot;,&quot;customJavaScript&quot;:&quot;&quot;,&quot;recaptcha&quot;:{&quot;key&quot;:&quot;&quot;,&quot;enabled&quot;:false},&quot;honeypot_enabled&quot;:false,&quot;popupsOnSuccess&quot;:[],&quot;popupsOnError&quot;:[]}\" data-steps=\"0\" >\n  \n  \n  \n<div class=\"breakdance-form-field breakdance-form-field--text\" >\n    \n    \n            <label class=\"breakdance-form-field__label\" for=\"name\">\n            Nimi<span class=\"breakdance-form-field__required\">*<\/span>\n        <\/label>\n    \n    <input\n    class=\"breakdance-form-field__input\"\n    id=\"name\"\n    aria-describedby=\"name\"\n    type=\"text\"\n    name=\"fields[name]\"\n    placeholder=\"\"\n    value=\"\"\n                \n        \n        \n    required\n    \n    \n    \n    \n    \n>\n\n\n    \n    \n<\/div>\n\n\n<div class=\"breakdance-form-field breakdance-form-field--email\" >\n    \n    \n            <label class=\"breakdance-form-field__label\" for=\"email\">\n            S\u00e4hk\u00f6postiosoite<span class=\"breakdance-form-field__required\">*<\/span>\n        <\/label>\n    \n    <input\n    class=\"breakdance-form-field__input\"\n    id=\"email\"\n    aria-describedby=\"email\"\n    type=\"email\"\n    name=\"fields[email]\"\n    placeholder=\"\"\n    value=\"\"\n                \n        \n        \n    required\n    \n    \n    \n    \n    \n>\n\n\n    \n    \n<\/div>\n\n\n<div class=\"breakdance-form-field breakdance-form-field--text\" >\n    \n    \n            <label class=\"breakdance-form-field__label\" for=\"avtydj\">\n            Puhelinnumero\n        <\/label>\n    \n    <input\n    class=\"breakdance-form-field__input\"\n    id=\"avtydj\"\n    aria-describedby=\"avtydj\"\n    type=\"text\"\n    name=\"fields[avtydj]\"\n    placeholder=\"\"\n    value=\"\"\n                \n        \n        \n    \n    \n    \n    \n    \n    \n>\n\n\n    \n    \n<\/div>\n\n\n<div class=\"breakdance-form-field breakdance-form-field--select\" >\n    \n    \n            <label class=\"breakdance-form-field__label\" for=\"cqonoo\">\n            Aihe\n        <\/label>\n    \n    <select\n    class=\"breakdance-form-field__input\"\n    id=\"cqonoo\"\n    name=\"fields[cqonoo]\"\n    \n    \n        \n    \n    >\n      <option value=\"\">Select...<\/option>\n          <option value=\"Palaute\" >Palaute<\/option>\n        <option value=\"Yhteisty\u00f6\" >Yhteisty\u00f6<\/option>\n        <option value=\"Hae t\u00f6ihin\" >Hae t\u00f6ihin<\/option>\n  <\/select>\n\n\n    \n    \n<\/div>\n\n\n<div class=\"breakdance-form-field breakdance-form-field--textarea\" >\n    \n    \n            <label class=\"breakdance-form-field__label\" for=\"message\">\n            Viesti<span class=\"breakdance-form-field__required\">*<\/span>\n        <\/label>\n    \n    <textarea\n    class=\"breakdance-form-field__input\"\n    id=\"message\"\n    aria-describedby=\"message\"\n    type=\"textarea\"\n    name=\"fields[message]\"\n        placeholder=\"\"\n    required\n    \n    \n    >\n<\/textarea>\n\n\n    \n    \n<\/div><div class=\"breakdance-form-field breakdance-form-footer\">    \n    \n    \n    \n    \n            \n            <button type=\"submit\" class=\"button-atom button-atom--primary breakdance-form-button breakdance-form-button__submit\"  >\n    \n        <span class=\"button-atom__text\">L\u00e4het\u00e4<\/span>\n\n        \n        \n            <\/button>\n    \n    <input type=\"hidden\" name=\"form_id\" value=\"186\">\n    <input type=\"hidden\" name=\"post_id\" value=\"18\">\n<\/div>\n\n  \n<\/form>\n\n\n<\/div><\/div>\n<\/section>","protected":false},"excerpt":{"rendered":"<p>ILMOITTAUDU St Hockey Tour j\u00e4rjestet\u00e4\u00e4n j\u00e4lleen kes\u00e4ll\u00e4 2026! Vuosittain j\u00e4rjestett\u00e4v\u00e4 matalan kynnyksen katul\u00e4tk\u00e4kiertue Viisi upeaa turnausviikonloppua ymp\u00e4ri Suomen Sarjat naisille ja miehille sek\u00e4 harrastesarja sekajoukkueille. Pelimuotona5 vs 5 St Hockey Tour 2026 St Hockey Tour 2026 pelataan viiten\u00e4 eri tapahtumaviikonloppuna, kiertue huipentuu Helsingin Narinkkatorin finaalitapahtumaan!Ilmoittautuminen kes\u00e4lle 2026 on auki! ILMOITTAUDU Info, s\u00e4\u00e4nn\u00f6t ja sarjat Ota [&hellip;]<\/p>\n","protected":false},"author":1,"featured_media":0,"parent":0,"menu_order":0,"comment_status":"closed","ping_status":"closed","template":"","meta":{"_breakdance_hide_in_design_set":false,"_breakdance_tags":"","footnotes":""},"class_list":["post-18","page","type-page","status-publish","hentry"],"_links":{"self":[{"href":"https:\/\/sthockey.com\/en\/wp-json\/wp\/v2\/pages\/18","targetHints":{"allow":["GET"]}}],"collection":[{"href":"https:\/\/sthockey.com\/en\/wp-json\/wp\/v2\/pages"}],"about":[{"href":"https:\/\/sthockey.com\/en\/wp-json\/wp\/v2\/types\/page"}],"author":[{"embeddable":true,"href":"https:\/\/sthockey.com\/en\/wp-json\/wp\/v2\/users\/1"}],"replies":[{"embeddable":true,"href":"https:\/\/sthockey.com\/en\/wp-json\/wp\/v2\/comments?post=18"}],"version-history":[{"count":60,"href":"https:\/\/sthockey.com\/en\/wp-json\/wp\/v2\/pages\/18\/revisions"}],"predecessor-version":[{"id":232,"href":"https:\/\/sthockey.com\/en\/wp-json\/wp\/v2\/pages\/18\/revisions\/232"}],"wp:attachment":[{"href":"https:\/\/sthockey.com\/en\/wp-json\/wp\/v2\/media?parent=18"}],"curies":[{"name":"wp","href":"https:\/\/api.w.org\/{rel}","templated":true}]}}