{"id":22,"date":"2024-11-25T16:33:16","date_gmt":"2024-11-25T16:33:16","guid":{"rendered":"https:\/\/sthockey.snaplink.fi\/?page_id=22"},"modified":"2026-01-18T17:27:19","modified_gmt":"2026-01-18T17:27:19","slug":"kiertueinfo","status":"publish","type":"page","link":"https:\/\/sthockey.com\/en\/kiertueinfo\/","title":{"rendered":"S\u00e4\u00e4nn\u00f6t"},"content":{"rendered":"<section class=\"bde-section-22-109 bde-section\">\n  \n  \n\t\n\n\n\n<div class=\"section-container\"><h1 class=\"bde-heading-22-110 bde-heading\">\nInfo, s\u00e4\u00e4nn\u00f6t ja sarjat\n<\/h1><div class=\"bde-rich-text-22-113 bde-rich-text breakdance-rich-text-styles\">\n<div id=\"comp-l7fyvvke\" class=\"HcOXKn SxM0TO QxJLC3 lq2cno YQcXTT comp-l7fyvvke wixui-rich-text\" data-testid=\"richTextElement\"><p style=\"text-align: left;\"><strong>VARUSTEET<\/strong><br \/>Pelaajien varustuksessa ovat pakollisia kyp\u00e4r\u00e4 sek\u00e4 hanskat. Suosittelemme lis\u00e4ksi alasuojan sek\u00e4 polvisuojien k\u00e4ytt\u00f6\u00e4. My\u00f6s muut suojat ovat sallittuja.<br \/><br \/><strong>MAALIVAHTI<\/strong><br \/>Luistimia lukuun ottamatta maalivahdeilla on oltava t\u00e4ysi j\u00e4\u00e4kiekkomaalivahdin varustus.<br \/><br \/><strong>PELIASUT<\/strong><br \/>Joukkueella tulee olla yhten\u00e4inen peliasu ja numeroitu pelipaita<br \/><br \/><strong>PELIV\u00c4LINE<\/strong><br \/>St Hockey tapahtumissa pelataan virallisella StH ottelupallolla. Pallo painaa n. 80g ja on halkaisijaltaan n. 7 cm. Pallon sis\u00e4ll\u00e4 on nestett\u00e4, joka vaimentaa pallon pomppimista.<br \/><br \/><strong>JOUKKUEET<\/strong><br \/>Kent\u00e4ll\u00e4 on yht\u00e4aikaisesti maalivahti ja viisi kentt\u00e4pelaajaa. Joukkueen pelaajam\u00e4\u00e4r\u00e4 on maksimissaan 15 pelaajaa + maalivahti. Maalivahti voidaan korvata ylim\u00e4\u00e4r\u00e4isell\u00e4 kentt\u00e4pelaajalla. Pelin alkaessa joukkueella on oltava paikalla maalivahti ja v\u00e4hint\u00e4\u00e4n 5 kentt\u00e4pelaajaa. Jokaisen joukkueen tulee nimet\u00e4 kapteeni, kapteeni merkit\u00e4\u00e4n pelipaitaan \u201dC\u201d kirjaimella.<br \/><br \/><strong>TUOMARIT<\/strong><br \/>Ottelut tuomitsevat koulutetut St Hockey erotuomarit.<br \/><br \/><strong>PELIAIKA<\/strong><br \/>Ottelu kest\u00e4\u00e4 2 x 10 minuuttia. Peliaika on suoraa aikaa. Peli p\u00e4\u00e4ttyy tuomarin pillin vihellykseen.<br \/><br \/><strong>VAIHDOT<\/strong><br \/>Joukkueella on oikeus vaihtaa pelaajia ottelun aikana \u201dlennosta\u201d sek\u00e4 pelikatkojen aikana.<br \/><br \/><strong>VAPAALY\u00d6NTI<\/strong><br \/>Ei rangaistuslaukauksen tai ulosajon arvoisista rikkeist\u00e4 jatketaan vapaaly\u00f6nnill\u00e4. Vastustaja joukkueen pelaajien on t\u00e4ll\u00f6in ment\u00e4v\u00e4 v\u00e4hint\u00e4\u00e4n 3 metrin p\u00e4\u00e4h\u00e4n pallosta. Vapaaly\u00f6nti annetaan kent\u00e4n kohdasta, jossa rike tapahtui.<br \/><br \/><strong>RANGAISTUSLAUKAUS<\/strong><br \/>Rangaistuslaukaus tapahtuu keskiympyr\u00e4st\u00e4 l\u00e4htev\u00e4n\u00e4 kuljetuksena. Rangaistuslaukauksessa suorittavan pelaajan on liikuttava eteenp\u00e4in koko suorituksen ajan. Mik\u00e4li pallo liikkuu taaksep\u00e4in, suoritusta ei hyl\u00e4t\u00e4.<br \/><br \/><strong>KIELLETTY\u00c4<\/strong><br \/>1. Taklaaminen ja sel\u00e4st\u00e4 ty\u00f6nt\u00e4minen<br \/>2. Korkea maila (palloa saa pelata mailalla maalin yl\u00e4riman korkeudelta)<br \/>3. Kampitus<br \/>4. Mailalla huitominen \/ ly\u00f6minen<br \/>5. Poikittainen maila ja koukkaaminen mailalla<br \/>6. Peliasusta repiminen ja pallottoman pelaajan est\u00e4minen<br \/><br \/><strong>PUNAINEN KORTTI<\/strong><br \/>Erotuomarilla on oikeus poistaa pelaaja ottelusta punaisella kortilla. Pelist\u00e4 voidaan poistaa pelaaja, mik\u00e4li h\u00e4n syyllistyy seuraaviin rikkeisiin;<br \/><br \/>1. Ep\u00e4urheilijamainen k\u00e4yt\u00f6s<br \/>2. Toistuvat tahalliset rikkeet<br \/>3. Vastustajan tahallinen vahingoittaminen tai sen yritys<\/p><p style=\"text-align: left;\">Punaisen kortin saava pelaaja on automaattisesti pelikiellossa joukkueen seuraavasta ottelusta. Tapahtuman erotuomaritarkkailija k\u00e4sittelee mahdolliset pidemm\u00e4t pelikiellot.<br \/><br \/><strong>PELIN KULKU<\/strong><br \/>Aloitukset: Peli k\u00e4ynnistyy merkityilt\u00e4 aloituspisteilt\u00e4 tuomarin pudottaessa pallon. Aloituksissa 1 pelaaja per joukkue, muut pelaajat ovat omalla kentt\u00e4puoliskollaan sijoittuneena v\u00e4hint\u00e4\u00e4n 3 metrin p\u00e4\u00e4ss\u00e4 aloituspisteest\u00e4.<br \/><br \/>Pallon lent\u00e4ess\u00e4 ulos kaukalosta peli\u00e4 jatketaan vapaaly\u00f6nnill\u00e4. Vapaaly\u00f6nti annetaan kohdasta, jossa pallo ylitt\u00e4\u00e4 pelikaukalon. Vapaaly\u00f6nnin saa joukkue, jonka vastustaja l\u00e4hetti pallon ulos kaukalosta.<br \/><br \/>Maalivahdin sulkiessa pallon, peli\u00e4 jatketaan saman joukkueen toimesta hy\u00f6kk\u00e4\u00e4v\u00e4n joukkueen antaessa hieman tilaa.<br \/><br \/>Maalin j\u00e4lkeen ottelua jatketaan keskiympyr\u00e4n aloituspisteelt\u00e4.<br \/><br \/>Erien v\u00e4liss\u00e4 pidet\u00e4\u00e4n 1 minuutin er\u00e4tauko.<br \/><br \/>Ratkaisu: Turnauksen jatko-otteluissa ottelun p\u00e4\u00e4ttyess\u00e4 tasan varsinaisella peliajalla, ottelu ratkaistaan rangaistuslaukauksilla 3 laukojalla jonka j\u00e4lkeen \u201dkerrasta poikki\u201d menetelm\u00e4ll\u00e4.<br \/><br \/>Peliss\u00e4 sallittua: Mailan nostaminen, pelaajan kiilaaminen laitaan, kun juoksusuunta on sama, Palloa saa pelata ilmasta mailalla (raja yl\u00e4rima) ja k\u00e4dell\u00e4.<br \/><br \/>Peliss\u00e4 suotavaa: Maalin tuulettaminen, kaverin kannustaminen, reilun urheiluhengen ja hyv\u00e4n fiiliksen luominen.<br \/><br \/><strong>SAKKORANGAISTUS<\/strong><br \/>Ilmoittautuessaan St Hockey tapahtumaan joukkue sitoutuu pelaamaan kaikki sille ottelukaaviossa osoitetut ottelut. Mik\u00e4li joukkue j\u00e4tt\u00e4\u00e4 saapumatta otteluun, tuomitaan joukkueen yhteyshenkil\u00f6lle 500 \u20ac:n sakkorangaistus. Sakko laskutetaan yhteyshenkil\u00f6lt\u00e4 erillisell\u00e4 laskulla.<br \/><br \/><strong>ILMOITTAUTUMISEN PERUMINEN<\/strong><br \/>Ilmoittautuminen tulee perua viimeist\u00e4\u00e4n 30 arkip\u00e4iv\u00e4\u00e4 ennen kyseist\u00e4 tapahtumaa. Peruminen tulee ilmoittaa osoitteeseen info@sthockey.com. Suoritettu joukkuemaksu palautetaan joukkueelle t\u00e4ysim\u00e4\u00e4r\u00e4isesti. Mik\u00e4li peruutus tulee alle 30 arkip\u00e4iv\u00e4\u00e4 ennen tapahtumaa, maksua ei palauteta.<\/p><p style=\"text-align: left;\">Mik\u00e4li ilmoittautuminen perutaan otteluohjelman julkaisun j\u00e4lkeen m\u00e4\u00e4r\u00e4t\u00e4\u00e4n joukkueelle 500 \u20ac:n sakkorangaistus. Sakko laskutetaan yhteyshenkil\u00f6lt\u00e4 erillisell\u00e4 laskulla.<br \/><br \/><strong>MY\u00d6H\u00c4STYMINEN<\/strong><br \/>Mik\u00e4li joukkue my\u00f6h\u00e4styy ottelukaavioon merkityst\u00e4 ottelustaan, tuomitaan joukkue h\u00e4vinneeksi 5-0.<br \/><br \/><strong>SARJAT<\/strong><br \/>5 vs 5 - Miehet, naiset ja harrastesarja (sekajoukkueet). Harrastesarjaan saa osallistua joukkueella, joka koostuu t\u00e4ysin mies- tai naispelaajista, tai sekajoukkueella. Tasapisteiss\u00e4 joukkueiden sijoitukset m\u00e4\u00e4r\u00e4ytyv\u00e4t seuraavalla periaatteella:<br \/><br \/>1. Keskin\u00e4inen ottelu<br \/>2. Keskin\u00e4isten otteluiden maaliero<br \/>3. Tehdyt maalit<br \/>4. Arpa<br \/><br \/>St Hockey kiertue tarjoaa 5 vs 5 sarjat naisille, miehille sek\u00e4 harrastesarjan sekajoukkueille. Miesten ja naisten sarjat sek\u00e4 harrastejoukkueiden sekasarjat pelataan erikseen. Rekister\u00f6ityess\u00e4 p\u00e4\u00e4set lunastamaan joukkueellesi paikan haluttuun sarjaan ja paikkakunnalle.<\/p><p style=\"text-align: left;\">J\u00e4rjest\u00e4j\u00e4 on oikeutettu tekem\u00e4\u00e4n sarjamuutoksia, mik\u00e4li j\u00e4rjest\u00e4j\u00e4 arvioi sen olevan v\u00e4ltt\u00e4m\u00e4t\u00f6nt\u00e4 turnauksen l\u00e4piviennin kannalta. N\u00e4iss\u00e4 tapauksissa joukkueet eiv\u00e4t ole oikeutettuja turnausmaksun palautukseen, jos turnaus kuitenkin pystyt\u00e4\u00e4n j\u00e4rjest\u00e4m\u00e4\u00e4n sarjamuutosten avulla.<br \/><br \/>Kaikissa sarjoissa osaturnausten parhaat joukkueet (TOP4 \/ sarja) lunastavat pelioikeuden kiertueen finaalitapahtumaan, miss\u00e4 pelataan vuotuisesta katul\u00e4tk\u00e4n suomenmestaruudesta. <br \/><br \/>Osallistuakseen aikuisten sarjoihin pelaajan tulee olla t\u00e4ytt\u00e4nyt 18 vuotta. Alle 18-vuotiaat voivat osallistua aikuisten sarjoihin poikkeusluvalla, joka haetaan St Hockey Tour -organisaatiolta. Poikkeuslupa haetaan s\u00e4hk\u00f6postitse osoitteessa info@sthockey.com<\/p><\/div>\n<\/div><\/div>\n<\/section>","protected":false},"excerpt":{"rendered":"<p>Info, s\u00e4\u00e4nn\u00f6t ja sarjat VARUSTEETPelaajien varustuksessa ovat pakollisia kyp\u00e4r\u00e4 sek\u00e4 hanskat. Suosittelemme lis\u00e4ksi alasuojan sek\u00e4 polvisuojien k\u00e4ytt\u00f6\u00e4. My\u00f6s muut suojat ovat sallittuja.MAALIVAHTILuistimia lukuun ottamatta maalivahdeilla on oltava t\u00e4ysi j\u00e4\u00e4kiekkomaalivahdin varustus.PELIASUTJoukkueella tulee olla yhten\u00e4inen peliasu ja numeroitu pelipaitaPELIV\u00c4LINESt Hockey tapahtumissa pelataan virallisella StH ottelupallolla. Pallo painaa n. 80g ja on halkaisijaltaan n. 7 cm. Pallon sis\u00e4ll\u00e4 [&hellip;]<\/p>\n","protected":false},"author":1,"featured_media":0,"parent":0,"menu_order":0,"comment_status":"closed","ping_status":"closed","template":"","meta":{"_breakdance_hide_in_design_set":false,"_breakdance_tags":"","footnotes":""},"class_list":["post-22","page","type-page","status-publish","hentry"],"_links":{"self":[{"href":"https:\/\/sthockey.com\/en\/wp-json\/wp\/v2\/pages\/22","targetHints":{"allow":["GET"]}}],"collection":[{"href":"https:\/\/sthockey.com\/en\/wp-json\/wp\/v2\/pages"}],"about":[{"href":"https:\/\/sthockey.com\/en\/wp-json\/wp\/v2\/types\/page"}],"author":[{"embeddable":true,"href":"https:\/\/sthockey.com\/en\/wp-json\/wp\/v2\/users\/1"}],"replies":[{"embeddable":true,"href":"https:\/\/sthockey.com\/en\/wp-json\/wp\/v2\/comments?post=22"}],"version-history":[{"count":21,"href":"https:\/\/sthockey.com\/en\/wp-json\/wp\/v2\/pages\/22\/revisions"}],"predecessor-version":[{"id":209,"href":"https:\/\/sthockey.com\/en\/wp-json\/wp\/v2\/pages\/22\/revisions\/209"}],"wp:attachment":[{"href":"https:\/\/sthockey.com\/en\/wp-json\/wp\/v2\/media?parent=22"}],"curies":[{"name":"wp","href":"https:\/\/api.w.org\/{rel}","templated":true}]}}