{"id":37,"date":"2024-12-28T15:55:53","date_gmt":"2024-12-28T15:55:53","guid":{"rendered":"https:\/\/sthockey.snaplink.fi\/?page_id=37"},"modified":"2026-02-03T08:21:03","modified_gmt":"2026-02-03T08:21:03","slug":"historia-ja-mestarit","status":"publish","type":"page","link":"https:\/\/sthockey.com\/en\/historia-ja-mestarit\/","title":{"rendered":"Historia ja Mestarit"},"content":{"rendered":"<section class=\"bde-section-37-109 bde-section\">\n  \n  \n\t\n\n\n\n<div class=\"section-container\"><img decoding=\"async\" class=\"bde-image2-37-108 bde-image2\" src=\"https:\/\/sthockey.com\/wp-content\/uploads\/2024\/12\/sthockeymestarit-scaled.avif\" loading=\"lazy\" srcset=\"https:\/\/sthockey.com\/wp-content\/uploads\/2024\/12\/sthockeymestarit-scaled.avif 2560w, https:\/\/sthockey.com\/wp-content\/uploads\/2024\/12\/sthockeymestarit-300x105.jpg 300w, https:\/\/sthockey.com\/wp-content\/uploads\/2024\/12\/sthockeymestarit-1024x359.jpg 1024w, https:\/\/sthockey.com\/wp-content\/uploads\/2024\/12\/sthockeymestarit-768x269.jpg 768w, https:\/\/sthockey.com\/wp-content\/uploads\/2024\/12\/sthockeymestarit-1536x539.jpg 1536w, https:\/\/sthockey.com\/wp-content\/uploads\/2024\/12\/sthockeymestarit-2048x719.jpg 2048w\" sizes=\"(max-width: 2560px) 100vw, 2560px\"><h1 class=\"bde-heading-37-110 bde-heading\">\nHistoria & Mestarit\n<\/h1><div class=\"bde-text-37-111 bde-text\">\nST HOCKEY KIERTUEEN HISTORIA\n<\/div><div class=\"bde-text-37-112 bde-text\">\nValtakunnallinen St Hockey -kiertue j\u00e4rjestettiin ensimm\u00e4isen kerran vuonna 2004 ja kiertue j\u00e4rjestet\u00e4\u00e4n vuosittain. Vuonna 2004 kiertue sis\u00e4lsi kolme karsintaturnausta ja finaalitapahtuman, mik\u00e4 j\u00e4rjestettiin jo silloin Helsingin keskustassa. Ensimm\u00e4isen\u00e4 vuonna kiertueelle osallistui 71 joukkuetta ja noin 1200 pelaajaa.<br><br>Vuonna 2005 joukkueiden m\u00e4\u00e4r\u00e4 l\u00e4hes tuplaantui ja kiertue sis\u00e4lsi yhteens\u00e4 kahdeksan tapahtumaviikonloppua seitsem\u00e4ll\u00e4 eri paikkakunnalla.<br><br>Vuosien aikana St Hockey -tapahtumia on j\u00e4rjestetty yli kymmeness\u00e4 kaupungissa ymp\u00e4ri Suomen. Vuosittain kiertueelle osallistuu noin 4000 pelaajaa.  Vuosittain urheilu- ja viihdemaailmasta tutut kasvot osallistuvat kiertueelle ja All Star -peleihin. Tapahtumissa katsojat p\u00e4\u00e4sev\u00e4t nauttimaan joukkueiden ja yksitt\u00e4isten pelaajien huippusuorituksista.\n<\/div><h2 class=\"bde-heading-37-116 bde-heading\">\nLegends of the streets\n<\/h2><\/div>\n<\/section><section class=\"bde-section-37-121 bde-section\">\n  \n  \n\t\n\n\n\n<div class=\"section-container\"><div class=\"bde-div-37-122 bde-div\">\n  \n  \n\t\n\n\n\n<div class=\"bde-text-37-123 bde-text\">\n2023\n<\/div><div class=\"bde-text-37-124 bde-text\">\n1. Veljeskunta HC<br>2. Blockfest<br>3. Naulam\u00e4en n\u00e4\u00e4d\u00e4t\n<\/div>\n<\/div><div class=\"bde-div-37-125 bde-div\">\n  \n  \n\t\n\n\n\n<div class=\"bde-text-37-126 bde-text\">\n2022\n<\/div><div class=\"bde-text-37-127 bde-text\">\n1. Hirvikolari<br>2. X<br>3. HC Puutuneet jalat\n<\/div>\n<\/div><div class=\"bde-div-37-128 bde-div\">\n  \n  \n\t\n\n\n\n<div class=\"bde-text-37-129 bde-text\">\n2021\n<\/div><div class=\"bde-text-37-130 bde-text\">\n1. HC Puutuneet jalat<br>2. Hotshots<br>3. Staralegioona\n<\/div>\n<\/div><div class=\"bde-div-37-131 bde-div\">\n  \n  \n\t\n\n\n\n<div class=\"bde-text-37-132 bde-text\">\n2020\n<\/div><div class=\"bde-text-37-133 bde-text\">\n1. Joukkue<br>2. Ogelin mirrit<br>3. HC Puutuneet jalat\n<\/div>\n<\/div><div class=\"bde-div-37-134 bde-div\">\n  \n  \n\t\n\n\n\n<div class=\"bde-text-37-135 bde-text\">\n2019\n<\/div><div class=\"bde-text-37-136 bde-text\">\n1. HC Puutuneet jalat<br>2. Texas pete<br>3. Joukkue\n<\/div>\n<\/div><div class=\"bde-div-37-137 bde-div\">\n  \n  \n\t\n\n\n\n<div class=\"bde-text-37-138 bde-text\">\n2018\n<\/div><div class=\"bde-text-37-139 bde-text\">\n1. Joukkue<br>2. Ogelin mirrit<br>3. Kuusvitonen\n<\/div>\n<\/div><div class=\"bde-div-37-140 bde-div\">\n  \n  \n\t\n\n\n\n<div class=\"bde-text-37-141 bde-text\">\n2017\n<\/div><div class=\"bde-text-37-142 bde-text\">\n1. NYR<br>2. Jaybirdz<br>3. Hanke\n<\/div>\n<\/div><div class=\"bde-div-37-143 bde-div\">\n  \n  \n\t\n\n\n\n<div class=\"bde-text-37-144 bde-text\">\n2016\n<\/div><div class=\"bde-text-37-145 bde-text\">\n1. Hanke<br>2. NYR<br>3. Jaybirdz\n<\/div>\n<\/div><div class=\"bde-div-37-146 bde-div\">\n  \n  \n\t\n\n\n\n<div class=\"bde-text-37-147 bde-text\">\n2015\n<\/div><div class=\"bde-text-37-148 bde-text\">\n1. NYR<br>2. HC Kings<br>3. Jaybirdz\n<\/div>\n<\/div><div class=\"bde-div-37-149 bde-div\">\n  \n  \n\t\n\n\n\n<div class=\"bde-text-37-150 bde-text\">\n2014\n<\/div><div class=\"bde-text-37-151 bde-text\">\n1. Jaybirdz<br>2. American diner<br>3. Joukkue\n<\/div>\n<\/div><div class=\"bde-div-37-152 bde-div\">\n  \n  \n\t\n\n\n\n<div class=\"bde-text-37-153 bde-text\">\n2013\n<\/div><div class=\"bde-text-37-154 bde-text\">\n1. Vuorelan veikot<br>2. Joukkue<br>3. AHK\n<\/div>\n<\/div><div class=\"bde-div-37-155 bde-div\">\n  \n  \n\t\n\n\n\n<div class=\"bde-text-37-156 bde-text\">\n2012\n<\/div><div class=\"bde-text-37-157 bde-text\">\n1. Blockfest<br>2. CFH<br>3. Killeri\n<\/div>\n<\/div><div class=\"bde-div-37-158 bde-div\">\n  \n  \n\t\n\n\n\n<div class=\"bde-text-37-159 bde-text\">\n2011\n<\/div><div class=\"bde-text-37-160 bde-text\">\n1. Katujen jumalat<br>2. HC Kings<br>3. Vuorelan veikot\n<\/div>\n<\/div><div class=\"bde-div-37-161 bde-div\">\n  \n  \n\t\n\n\n\n<div class=\"bde-text-37-162 bde-text\">\n2010\n<\/div><div class=\"bde-text-37-163 bde-text\">\n1. Killeri<br>2. HC Kings<br>3. CFH\n<\/div>\n<\/div><div class=\"bde-div-37-164 bde-div\">\n  \n  \n\t\n\n\n\n<div class=\"bde-text-37-165 bde-text\">\n2009\n<\/div><div class=\"bde-text-37-166 bde-text\">\n1. Per\u00e4pohjolan poropojat<br>2. Pomppadillet<br>3. Vuorelan veikot\n<\/div>\n<\/div><div class=\"bde-div-37-167 bde-div\">\n  \n  \n\t\n\n\n\n<div class=\"bde-text-37-168 bde-text\">\n2008\n<\/div><div class=\"bde-text-37-169 bde-text\">\n1. Siivikkalan pelikassit<br>2. AC Toros<br>3. EL Sissijuustot\n<\/div>\n<\/div><div class=\"bde-div-37-170 bde-div\">\n  \n  \n\t\n\n\n\n<div class=\"bde-text-37-171 bde-text\">\n2007\n<\/div><div class=\"bde-text-37-172 bde-text\">\n1. AHK<br>2. IFK Mukava<br>3. Vuorelan veikot\n<\/div>\n<\/div><div class=\"bde-div-37-173 bde-div\">\n  \n  \n\t\n\n\n\n<div class=\"bde-text-37-174 bde-text\">\n2006\n<\/div><div class=\"bde-text-37-175 bde-text\">\n1. Keittopekat<br>2. Rakennusnaamat<br>3. Vuorelan veikot\n<\/div>\n<\/div><div class=\"bde-div-37-176 bde-div\">\n  \n  \n\t\n\n\n\n<div class=\"bde-text-37-177 bde-text\">\n2005\n<\/div><div class=\"bde-text-37-178 bde-text\">\n1. Keittopekat<br>2. Vuorelan veikot<br>3. Jakom\u00e4ki stars\n<\/div>\n<\/div><div class=\"bde-div-37-179 bde-div\">\n  \n  \n\t\n\n\n\n<div class=\"bde-text-37-180 bde-text\">\n2004\n<\/div><div class=\"bde-text-37-181 bde-text\">\n1. Helsinki shadow<br>2. Katujen jumalat<br>3. Vuorelan veikot\n<\/div>\n<\/div><\/div>\n<\/section>","protected":false},"excerpt":{"rendered":"<p>Historia &#038; Mestarit ST HOCKEY KIERTUEEN HISTORIA Valtakunnallinen St Hockey -kiertue j\u00e4rjestettiin ensimm\u00e4isen kerran vuonna 2004 ja kiertue j\u00e4rjestet\u00e4\u00e4n vuosittain. Vuonna 2004 kiertue sis\u00e4lsi kolme karsintaturnausta ja finaalitapahtuman, mik\u00e4 j\u00e4rjestettiin jo silloin Helsingin keskustassa. Ensimm\u00e4isen\u00e4 vuonna kiertueelle osallistui 71 joukkuetta ja noin 1200 pelaajaa.Vuonna 2005 joukkueiden m\u00e4\u00e4r\u00e4 l\u00e4hes tuplaantui ja kiertue sis\u00e4lsi yhteens\u00e4 kahdeksan tapahtumaviikonloppua [&hellip;]<\/p>\n","protected":false},"author":1,"featured_media":0,"parent":0,"menu_order":0,"comment_status":"closed","ping_status":"closed","template":"","meta":{"_breakdance_hide_in_design_set":false,"_breakdance_tags":"","footnotes":""},"class_list":["post-37","page","type-page","status-publish","hentry"],"_links":{"self":[{"href":"https:\/\/sthockey.com\/en\/wp-json\/wp\/v2\/pages\/37","targetHints":{"allow":["GET"]}}],"collection":[{"href":"https:\/\/sthockey.com\/en\/wp-json\/wp\/v2\/pages"}],"about":[{"href":"https:\/\/sthockey.com\/en\/wp-json\/wp\/v2\/types\/page"}],"author":[{"embeddable":true,"href":"https:\/\/sthockey.com\/en\/wp-json\/wp\/v2\/users\/1"}],"replies":[{"embeddable":true,"href":"https:\/\/sthockey.com\/en\/wp-json\/wp\/v2\/comments?post=37"}],"version-history":[{"count":16,"href":"https:\/\/sthockey.com\/en\/wp-json\/wp\/v2\/pages\/37\/revisions"}],"predecessor-version":[{"id":219,"href":"https:\/\/sthockey.com\/en\/wp-json\/wp\/v2\/pages\/37\/revisions\/219"}],"wp:attachment":[{"href":"https:\/\/sthockey.com\/en\/wp-json\/wp\/v2\/media?parent=37"}],"curies":[{"name":"wp","href":"https:\/\/api.w.org\/{rel}","templated":true}]}}