{"id":96,"date":"2025-01-27T23:27:41","date_gmt":"2025-01-27T23:27:41","guid":{"rendered":"https:\/\/sthockey.snaplink.fi\/?page_id=96"},"modified":"2025-01-27T23:27:57","modified_gmt":"2025-01-27T23:27:57","slug":"tietosuojaseloste","status":"publish","type":"page","link":"https:\/\/sthockey.com\/en\/tietosuojaseloste\/","title":{"rendered":"Tietosuojaseloste"},"content":{"rendered":"\n<h2 class=\"wp-block-heading\">TIETOJA T\u00c4ST\u00c4 ASIAKIRJASTA<\/h2>\n\n\n\n<p><br>Street Games Oy ( \u201cStreet Games\u201d tai \u201cme\u201d, \u201cmeid\u00e4n\u201d ja vastaavat ilmaisut) tarjoaa urheilutapahtumia ja ohessa aplikaatiota, jonka kautta tapahtumiin voi ilmoittautua. Kun palveluidemme k\u00e4ytt\u00e4j\u00e4 (\u201csin\u00e4\u201d ja vastaavat ilmaisut) rekister\u00f6ityy ja hakee ja k\u00e4ytt\u00e4\u00e4 palveluitamme, ker\u00e4\u00e4mme, k\u00e4yt\u00e4mme ja jaamme henkil\u00f6tietojasi t\u00e4ss\u00e4 selosteessa kuvatulla tavalla. Henkil\u00f6tiedoilla tarkoitamme mit\u00e4 tahansa henkil\u00f6\u00e4 koskevia tietoja, joista t\u00e4m\u00e4 henkil\u00f6 voidaan tunnistaa joko suoraan tai v\u00e4lillisesti.<\/p>\n\n\n\n<h3 class=\"wp-block-heading\">T\u00c4M\u00c4 K\u00c4YT\u00c4NT\u00d6 KOSKEE K\u00c4YTT\u00d6\u00c4SI:<\/h3>\n\n\n\n<p><br>Street Games verkkosivustot &nbsp;ja applikaatio; kaikki Street Gamesin tuottamat &nbsp;palvelut, jotka ovat k\u00e4ytett\u00e4viss\u00e4 verkkosivuston tai applikaation kautta; j\u00e4rjestetyt tapahtumat.<\/p>\n\n\n\n<h3 class=\"wp-block-heading\">SIS\u00c4LLYS<\/h3>\n\n\n\n<p>\u200b\u200b<\/p>\n\n\n\n<ul class=\"wp-block-list\">\n<li>Rekisterinpit\u00e4j\u00e4<\/li>\n\n\n\n<li>Muutokset<\/li>\n\n\n\n<li>Sinusta ker\u00e4\u00e4m\u00e4mme henkil\u00f6tiedot<\/li>\n\n\n\n<li>Kuinka ker\u00e4\u00e4mme tietoja<\/li>\n\n\n\n<li>Kuinka k\u00e4yt\u00e4mme tietoja<\/li>\n\n\n\n<li>Tietojen paljastaminen ja kansainv\u00e4liset siirrot<\/li>\n\n\n\n<li>Automatisoidut p\u00e4\u00e4t\u00f6kset<\/li>\n\n\n\n<li>Tietojen s\u00e4ilytt\u00e4minen<\/li>\n\n\n\n<li>Turvallisuus<\/li>\n\n\n\n<li>Rekister\u00f6idyn oikeudet<\/li>\n<\/ul>\n\n\n\n<h3 class=\"wp-block-heading\">REKISTERINPIT\u00c4J\u00c4<\/h3>\n\n\n\n<p><br>Street Games Oy<\/p>\n\n\n\n<p>Olarinluoma 16<\/p>\n\n\n\n<p>02200 Espoo<\/p>\n\n\n\n<p>Suomi<\/p>\n\n\n\n<p>Y-tunnus: 2894486-3<\/p>\n\n\n\n<p>Jos sinulla on kysytt\u00e4v\u00e4\u00e4 t\u00e4st\u00e4 k\u00e4yt\u00e4nn\u00f6st\u00e4, mukaan lukien pyynn\u00f6t, jotka koskevat oikeuksiasi rekister\u00f6idyn\u00e4, ota yhteytt\u00e4 osoitteeseen [<a href=\"mailto:info@sthockey.com\">info@sthockey.com<\/a>].<\/p>\n\n\n\n<h3 class=\"wp-block-heading\">MUUTOKSET<\/h3>\n\n\n\n<p><br>Saatamme p\u00e4ivitt\u00e4\u00e4 t\u00e4t\u00e4 selostetta ajoittain muuttuvan oikeudellisen, teknisen tai liiketoiminnan kehityksen perusteella. Kun p\u00e4ivit\u00e4mme t\u00e4t\u00e4 selostetta, pyrimme tiedottamaan sinulle tekemiemme muutosten vaikutukset etuk\u00e4teen.<\/p>\n\n\n\n<h3 class=\"wp-block-heading\">HENKIL\u00d6TIEDOT, JOITA KER\u00c4\u00c4MME SINUSTA<\/h3>\n\n\n\n<p><br>Saatamme ker\u00e4t\u00e4, k\u00e4ytt\u00e4\u00e4, tallentaa ja siirt\u00e4\u00e4 seuraavanlaisia sinua koskevia henkil\u00f6tietoja:<\/p>\n\n\n\n<ul class=\"wp-block-list\">\n<li>Yhteystiedot<br>Yhteystietosi, kuten nimesi, s\u00e4hk\u00f6postiosoitteesi ja puhelinnumerosi.<br>\u00a0<\/li>\n\n\n\n<li>Laite ja tekniset tiedot<br>Tekniset tiedot, mukaan lukien IP-osoitteesi, selaimesi tyyppi ja versio, aikavy\u00f6hykeasetukset, selaimen lis\u00e4osien tyypit ja versiot, k\u00e4ytt\u00f6j\u00e4rjestelm\u00e4 ja alusta, laitetiedot ja k\u00e4ytt\u00e4m\u00e4si mobiililaitteen tyyppi, yksil\u00f6llinen laitetunniste, mobiiliverkon tiedot, mobiilik\u00e4ytt\u00f6j\u00e4rjestelm\u00e4si ja k\u00e4ytt\u00e4m\u00e4si mobiiliselaimen tyyppi.<br>\u00a0<\/li>\n\n\n\n<li>K\u00e4ytt\u00f6tiedot<br>Tiedot verkkosivustomme, applikaation ja palveluidemme k\u00e4yt\u00f6st\u00e4, mukaan lukien URL-osoitteet ja tiedot verkkosivuston k\u00e4ytt\u00f6tavasta ja -ajasta, kuten p\u00e4iv\u00e4m\u00e4\u00e4r\u00e4 ja kellonaika, k\u00e4ytt\u00f6tiheys ja -tavat sek\u00e4 muut vuorovaikutustiedot.<br>\u00a0<\/li>\n\n\n\n<li>Viestint\u00e4tiedot<br>Kirjeenvaihtosi asiakastukemme kanssa ja tiedot muusta viestinn\u00e4st\u00e4, mukaan lukien ilmoitukset, joita saatamme l\u00e4hett\u00e4\u00e4 sinulle s\u00e4hk\u00f6postitse ajoittain<br>\u00a0<\/li>\n\n\n\n<li>Markkinointitiedot<br>Tiedot mieltymyksist\u00e4si koskien meid\u00e4n ja\/tai kumppaneidemme toteuttamaa markkinointia.<\/li>\n<\/ul>\n\n\n\n<p>Voimme my\u00f6s ker\u00e4t\u00e4, k\u00e4ytt\u00e4\u00e4 ja paljastaa&nbsp;KOOTTUJA TILASTOLLISIA TIETOJA mihin tahansa tarkoitukseen. T\u00e4llaisia tietoja, kuten demografisia tai tilastollisia tietoja, voidaan johtaa henkil\u00f6tiedoistasi, mutta ne eiv\u00e4t en\u00e4\u00e4 paljasta henkil\u00f6llisyytt\u00e4si, joten niit\u00e4 ei pidet\u00e4 henkil\u00f6tietoina. Vaikka voimme k\u00e4ytt\u00e4\u00e4 tietojasi asianmukaisten mainosten ja muun kaupallisen viestinn\u00e4n tarjoamiseen sinulle ja muille, emme paljasta t\u00e4llaisia tietoja mainoskumppaneillemme sellaisessa muodossa, joka mahdollistaa sinun tunnistamisen.<\/p>\n\n\n\n<h3 class=\"wp-block-heading\">MITEN KER\u00c4\u00c4MME TIEDOT<\/h3>\n\n\n\n<p><br>Saatamme ker\u00e4t\u00e4 henkil\u00f6tietojasi seuraavilla tavoilla:<\/p>\n\n\n\n<ul class=\"wp-block-list\">\n<li><em>Antamasi tiedot\u00a0: Voit antaa meille yhteystietosi, laitteesi, viestint\u00e4- ja markkinointitietosi l\u00e4hett\u00e4m\u00e4ll\u00e4 ne meille verkkosivustomme tai applikaation kautta tai ottamalla yhteytt\u00e4 meihin puhelimitse, s\u00e4hk\u00f6postitse tai muuten. Tietoja voidaan toimittaa esimerkiksi uutiskirjeemme tilaamisen tai palveluihimme liittyvien tukipyynt\u00f6jen yhteydess\u00e4 tai valitsemalla tiettyjen tietojen jakaminen laitteesi asetusten kautta.<\/em><\/li>\n\n\n\n<li><em>Automatisoidut tekniikat\u00a0: Saatamme automaattisesti ker\u00e4t\u00e4 teknisi\u00e4 ja k\u00e4ytt\u00f6tietoja sek\u00e4 tiettyj\u00e4 viestint\u00e4tietoja verkkosivustomme ja palveluidemme k\u00e4yt\u00f6n perusteella. Voimme my\u00f6s k\u00e4ytt\u00e4\u00e4 K\u00e4ytt\u00f6tietoja p\u00e4\u00e4tell\u00e4ksemme sinua koskevia profiilitietoja.<\/em><\/li>\n\n\n\n<li><em>Kolmannet\u00a0osapuolet tai julkisesti saatavilla olevat l\u00e4hteet:\u00a0Saatamme saada henkil\u00f6tietojasi seuraavilta kolmansilta osapuolilta:<\/em>\n<ul class=\"wp-block-list\">\n<li><em>Tekniset tiedot analytiikan tarjoajilta (ev\u00e4steet) ja mainosverkostoilta<\/em><\/li>\n<\/ul>\n<\/li>\n<\/ul>\n\n\n\n<h3 class=\"wp-block-heading\">MITEN K\u00c4YTT\u00c4MME TIETOJA<\/h3>\n\n\n\n<p><br>Alla olemme m\u00e4\u00e4ritelleet tarkoitukset, joita varten aiomme k\u00e4sitell\u00e4 henkil\u00f6tietojasi, ja oikeusperustat, joihin luotamme tehdess\u00e4mme sit\u00e4. Yleisimmin turvaudumme seuraaviin laillisiin perusteisiin ker\u00e4t\u00e4ksemme, k\u00e4ytt\u00e4\u00e4ksemme tai luovuttaaksemme henkil\u00f6tietojasi:<\/p>\n\n\n\n<ul class=\"wp-block-list\">\n<li>Sopimus: Meid\u00e4n on t\u00e4ytett\u00e4v\u00e4 sopimus, jonka olemme tekem\u00e4ss\u00e4 tai olemme tehneet kanssasi.<\/li>\n\n\n\n<li>Lailliset intressit:\u00a0K\u00e4sittely on tarpeen meid\u00e4n (tai kolmannen osapuolen) oikeutettujen etujemme vuoksi, eiv\u00e4tk\u00e4 sinun etusi ja perusoikeutesi syrj\u00e4ytt\u00e4\u00e4 n\u00e4it\u00e4 etuja.<\/li>\n\n\n\n<li>Suostumus<\/li>\n<\/ul>\n\n\n\n<p>Saatamme luottaa useampaan kuin yhteen oikeusperustaan riippuen tietyst\u00e4 tarkoituksesta, johon k\u00e4yt\u00e4mme tietojasi. Jos tarvitset lis\u00e4tietoja perusteista, joihin luotamme tiettyjen tietojen tai olosuhteiden osalta, ota meihin yhteytt\u00e4 yll\u00e4 kuvatulla tavalla.<\/p>\n\n\n\n<p>\u200b<\/p>\n\n\n\n<ol class=\"wp-block-list\">\n<li>Palvelumme tarjoaminen, asiakastuki\n<ul class=\"wp-block-list\">\n<li>Tietojen tyyppi\n<ul class=\"wp-block-list\">\n<li>Yhteystiedot, Laite, Tekninen, k\u00e4ytt\u00f6, Viestint\u00e4<\/li>\n<\/ul>\n<\/li>\n\n\n\n<li>Oikeusperusta\n<ul class=\"wp-block-list\">\n<li>(a) Sopimus<\/li>\n\n\n\n<li>(b) Suostumus (jos laki vaatii)<br>\u00a0<\/li>\n<\/ul>\n<\/li>\n<\/ul>\n<\/li>\n\n\n\n<li>Analysoimme ja parantamme verkkosivujemme, applikaation ja palveluidemme k\u00e4ytt\u00f6\u00e4 ja toimivuutta (mukaan lukien esim. j\u00e4rjestelm\u00e4n yll\u00e4pito, vianetsint\u00e4, lokikirjaus, virheenkorjaus, data-analyysi ja testaus) sek\u00e4 tietoturvan varmistaminen\n<ul class=\"wp-block-list\">\n<li>Tietojen tyyppi\n<ul class=\"wp-block-list\">\n<li>Yhteystiedot, Laite, Tekninen, k\u00e4ytt\u00f6, Viestint\u00e4<\/li>\n<\/ul>\n<\/li>\n\n\n\n<li>Oikeusperusta\n<ul class=\"wp-block-list\">\n<li>(a) Sopimus<\/li>\n\n\n\n<li>(b) Lailliset intressit (verkkosivustomme ja palveluidemme seuranta, suojaaminen ja parantaminen)<br>\u00a0<\/li>\n<\/ul>\n<\/li>\n<\/ul>\n<\/li>\n\n\n\n<li>\u200bValinnainen r\u00e4\u00e4t\u00e4l\u00f6inti ja k\u00e4ytt\u00f6kokemuksen parantaminen (esim. laitetietojen k\u00e4ytt\u00f6 rekister\u00f6intiprosessin virtaviivaistamiseen)\n<ul class=\"wp-block-list\">\n<li>Tietojen tyyppi\n<ul class=\"wp-block-list\">\n<li>Yhteystiedot, Laite, Sijainti, Tekninen, K\u00e4ytt\u00f6tiedot, Viestint\u00e4<\/li>\n<\/ul>\n<\/li>\n\n\n\n<li>Oikeusperusta\n<ul class=\"wp-block-list\">\n<li>(a) Suostumus<\/li>\n\n\n\n<li>(b) Sopimus<br>\u200b<\/li>\n<\/ul>\n<\/li>\n<\/ul>\n<\/li>\n\n\n\n<li>\u200bHoidamme asiakassuhteemme, kommunikoimme kanssasi ja pid\u00e4mme kirjaa viestinn\u00e4st\u00e4mme\n<ul class=\"wp-block-list\">\n<li>Tietojen tyyppi\n<ul class=\"wp-block-list\">\n<li>Yhteystiedot, Viestint\u00e4, Markkinointi<\/li>\n<\/ul>\n<\/li>\n\n\n\n<li>Oikeusperusta\n<ul class=\"wp-block-list\">\n<li>(a) Lailliset intressit (asiakassuhteen hoitaminen<\/li>\n\n\n\n<li>(b) Sopimus<br>\u00a0<\/li>\n<\/ul>\n<\/li>\n<\/ul>\n<\/li>\n\n\n\n<li>\u200bAsiaankuuluvien palvelujen tarjoaminen ja markkinointi sinulle, arpajaiset tai lahjat, relevantin sis\u00e4ll\u00f6n ja mainosten toimittaminen sek\u00e4 mainonnan tehokkuuden mittaaminen\n<ul class=\"wp-block-list\">\n<li>Tietojen tyyppi\n<ul class=\"wp-block-list\">\n<li>Yhteystiedot, Markkinointi<\/li>\n<\/ul>\n<\/li>\n\n\n\n<li>Oikeusperusta\n<ul class=\"wp-block-list\">\n<li>(a) Lailliset intressit (palveluidemme markkinointi, asiaankuuluvan sis\u00e4ll\u00f6n n\u00e4ytt\u00e4minen)<\/li>\n\n\n\n<li>(b) Suostumus (jos laki vaatii)<br>\u00a0<\/li>\n<\/ul>\n<\/li>\n<\/ul>\n<\/li>\n\n\n\n<li>Analysoidaan k\u00e4ytt\u00e4j\u00e4kuntaa ja palveluidemme k\u00e4ytt\u00f6\u00e4\n<ul class=\"wp-block-list\">\n<li>Tietojen tyyppi\n<ul class=\"wp-block-list\">\n<li>Tekninen, K\u00e4ytt\u00f6tiedot<\/li>\n<\/ul>\n<\/li>\n\n\n\n<li>Oikeusperusta\n<ul class=\"wp-block-list\">\n<li>(a) Lailliset intressit (palveluidemme parantaminen ja kehitt\u00e4minen)<\/li>\n<\/ul>\n<\/li>\n<\/ul>\n<\/li>\n<\/ol>\n\n\n\n<p>Lis\u00e4ksi voimme k\u00e4sitell\u00e4 mit\u00e4 tahansa t\u00e4ss\u00e4 k\u00e4yt\u00e4nn\u00f6ss\u00e4 yksil\u00f6ityj\u00e4 henkil\u00f6tietojasi, jos se on tarpeen oikeudellisten vaatimusten t\u00e4ytt\u00e4miseksi, esitt\u00e4miseksi tai puolustamiseksi. T\u00e4llainen k\u00e4sittely perustuu laillisiin etuihimme, erityisesti laillisten oikeuksiemme, sinun ja muiden (esim. muiden palveluidemme k\u00e4ytt\u00e4jien) laillisiin oikeuksiin. Voimme my\u00f6s k\u00e4sitell\u00e4 henkil\u00f6tietojasi, jos se on tarpeen riskienhallintaa tai ammatillista neuvontaa varten. T\u00e4m\u00e4n oikeusperustana ovat oikeutetut intressimme, erityisesti liiketoimintamme suojaaminen riskeilt\u00e4.<\/p>\n\n\n\n<h3 class=\"wp-block-heading\">HENKIL\u00d6TIETOJEN SIIRTO JA LUOVUTTAMINEN<br>&nbsp;<\/h3>\n\n\n\n<p>Tarvittaessa henkil\u00f6tietojasi voidaan luovuttaa seuraaville vastaanottajaryhmille, jos se on tarpeen yll\u00e4 kuvattuihin tarkoituksiin:<\/p>\n\n\n\n<ul class=\"wp-block-list\">\n<li>Ryhm\u00e4mme yritykset<\/li>\n\n\n\n<li>Palveluntarjoajamme palveluihimme liittyv\u00e4\u00e4 s\u00e4hk\u00f6postiviestint\u00e4\u00e4 varten<\/li>\n\n\n\n<li>Palveluntarjoajamme meille tarjottavien laki- ja muiden palvelujen tarkoituksiin<\/li>\n\n\n\n<li>Ostajat ja mahdolliset ostajat (ja heid\u00e4n edustajansa ja neuvonantajansa) mink\u00e4 tahansa (suunnitellun) oston, sulautumisen tai mink\u00e4 tahansa liiketoimintamme osan hankinnan yhteydess\u00e4 edellytt\u00e4en, ett\u00e4 ostajalle ilmoitetaan, ett\u00e4 sen on k\u00e4ytett\u00e4v\u00e4 henkil\u00f6tietojasi vain m\u00e4\u00e4riteltyihin tarkoituksiin t\u00e4ss\u00e4 asiakirjassa.<\/li>\n\n\n\n<li>Toimivaltaiset tuomioistuimet, lainvalvontaelimet tai muut viranomaiset tai kolmannet osapuolet, jos katsomme, ett\u00e4 henkil\u00f6tietojesi luovuttaminen on v\u00e4ltt\u00e4m\u00e4t\u00f6nt\u00e4 sinun tai kenen tahansa muun henkil\u00f6n elint\u00e4rkeiden etujen suojelemiseksi tai lakien tai m\u00e4\u00e4r\u00e4ysten noudattamiseksi tai puolustamiseksi, mukaan lukien kun panemme t\u00e4yt\u00e4nt\u00f6\u00f6n tai sovellamme palveluehtojamme ja\/tai muita sinun ja meid\u00e4n v\u00e4lisi\u00e4 sopimuksia, tutkimme mahdollisia rikkomuksia tai ryhdymme toimenpiteisiin Street Gamesin, k\u00e4ytt\u00e4jien tai muiden oikeuksien, omaisuuden tai turvallisuuden suojelemiseksi.<\/li>\n\n\n\n<li>Kuka tahansa muu henkil\u00f6 \u2013 mutta vain erillisell\u00e4 suostumuksellasi<\/li>\n<\/ul>\n\n\n\n<p>Street Games tallentaa henkil\u00f6tietosi turvallisiin paikkoihin ja palvelimille Euroopan talousalueella. Henkil\u00f6tietojasi voidaan siirt\u00e4\u00e4 Euroopan unionin tai Euroopan talousalueen ulkopuolisiin maihin vain, jos Euroopan komissio on katsonut, ett\u00e4 maa varmistaa henkil\u00f6tietojen suojan riitt\u00e4v\u00e4n tason tai jos olemme ryhtyneet asianmukaisiin suojatoimiin vaatiaksemme henkil\u00f6tietojesi pysyv\u00e4n suojattuna t\u00e4m\u00e4n k\u00e4yt\u00e4nn\u00f6n mukaisesti, esimerkiksi panemalla t\u00e4yt\u00e4nt\u00f6\u00f6n Euroopan komission&nbsp;henkil\u00f6tietojen&nbsp;siirtoa koskevat vakiosopimuslausekkeet. Voit ottaa meihin yhteytt\u00e4 saadaksesi lis\u00e4tietoja k\u00e4yt\u00f6ss\u00e4 olevista suojatoimista. Yksitt\u00e4isiss\u00e4 tapauksissa t\u00e4llaiset siirrot voivat tapahtua my\u00f6s erillisen suostumuksesi perusteella tai erityisesti pyyt\u00e4m\u00e4si palvelun tarjoamiseksi.<br>&nbsp;<\/p>\n\n\n\n<h3 class=\"wp-block-heading\">AUTOMAATTISET P\u00c4\u00c4T\u00d6KSET<\/h3>\n\n\n\n<p><br>Palvelujemme optimoimiseksi pid\u00e4t\u00e4mme oikeuden tehd\u00e4 asiakkaitamme koskevia automatisoituja p\u00e4\u00e4t\u00f6ksi\u00e4, mukaan lukien koneoppimisalgoritmien ja profiloinnin k\u00e4ytt\u00f6. Jos otamme k\u00e4ytt\u00f6\u00f6n automatisoituja p\u00e4\u00e4t\u00f6ksentekotoimenpiteit\u00e4, joilla on merkitt\u00e4vi\u00e4 vaikutuksia sinuun, varmistamme, ett\u00e4 sinulla on oikeus saada ilmaista n\u00e4kemyksesi ja riitauttaa t\u00e4llaiset p\u00e4\u00e4t\u00f6kset. Ilmoitamme t\u00e4llaisista tilanteista erikseen.<\/p>\n\n\n\n<h3 class=\"wp-block-heading\">TIETOJEN S\u00c4ILYTT\u00c4MINEN<\/h3>\n\n\n\n<p><br>S\u00e4ilyt\u00e4mme henkil\u00f6tietojasi vain niin kauan kuin meill\u00e4 on oikeutettu liiketoiminnallinen tarve s\u00e4ilytt\u00e4\u00e4 niit\u00e4 yll\u00e4 kuvattuja tarkoituksia varten, mukaan lukien oikeudellisten, kirjanpito- tai raportointivaatimusten t\u00e4ytt\u00e4miseen.<\/p>\n\n\n\n<p>Sopivan s\u00e4ilytysajan m\u00e4\u00e4ritt\u00e4miseksi otamme huomioon k\u00e4sittelemiemme henkil\u00f6tietojen laajuuden, luonteen ja arkaluonteisuuden, luvattoman k\u00e4yt\u00f6n tai luovuttamisen mahdollisen haitan riskin, tietojen k\u00e4sittelyn tarkoituksen ja asiaankuuluvat lailliset vaatimukset. Arvioimme my\u00f6s s\u00e4\u00e4nn\u00f6llisesti s\u00e4ilytt\u00e4m\u00e4mme tiedot ja jos pid\u00e4mme s\u00e4ilytt\u00e4misen tarpeettomana, joko poistamme tai anonymisoimme tiedot tai jos t\u00e4m\u00e4 ei ole mahdollista \u2013 esimerkiksi varmuuskopioarkistoon tallennettujen tietojen osalta \u2013 tallennamme tiedot turvallisesti ja est\u00e4\u00e4 kaiken jatkok\u00e4sittelyn, kunnes poistaminen on mahdollista.<\/p>\n\n\n\n<p>S\u00e4ilyt\u00e4mme asiakassuhteeseen liittyvi\u00e4 henkil\u00f6tietoja yleens\u00e4 vain asiakassuhteen keston ajan ja kohtuullisen ajan sen j\u00e4lkeen, jotta voimme vastata suhteeseen liittyviin tiedusteluihin tai vireill\u00e4 oleviin kysymyksiin. Joitakin tietoja voidaan kuitenkin s\u00e4ilytt\u00e4\u00e4 pidemp\u00e4\u00e4n, jos uskomme s\u00e4ilytt\u00e4misen tarpeelliseksi lakien noudattamiseksi tai meid\u00e4n tai asiakkaidemme, tyt\u00e4ryhti\u00f6idemme tai kumppaneidemme laillisten oikeuksien puolustamiseksi.<\/p>\n\n\n\n<h3 class=\"wp-block-heading\">TURVALLISUUS<\/h3>\n\n\n\n<p><br>Suojellaksemme henkil\u00f6tietojasi k\u00e4yt\u00e4mme asianmukaisia teknisi\u00e4 ja organisatorisia toimenpiteit\u00e4, jotka on suunniteltu tarjoamaan k\u00e4sittelylle sopiva turvallisuustaso ja suojaamaan henkil\u00f6tietojasi vahingossa tapahtuvalta tai laittomalta tuhoamiselta, katoamiselta, muuttamiselta ja luvattomalta luovuttamiselta tai p\u00e4\u00e4sylt\u00e4. Henkil\u00f6kuntamme on koulutettu noudattamaan tietoturvaa ty\u00f6ss\u00e4\u00e4n ja rajoitamme p\u00e4\u00e4sy\u00e4 henkil\u00f6tietoihisi tiukasti tietotarpeen perusteella. Ty\u00f6ntekij\u00e4mme, edustajamme, urakoitsijamme ja palveluntarjoajamme k\u00e4sittelev\u00e4t henkil\u00f6tietojasi vain luottamuksellisuusvelvollisuuden ja ohjeidemme mukaisesti.<\/p>\n\n\n\n<h3 class=\"wp-block-heading\">OIKEUTESI<\/h3>\n\n\n\n<p><br>Sinulla on oikeus saada meilt\u00e4 vahvistus siit\u00e4, k\u00e4sittelemmek\u00f6 sinua koskevia henkil\u00f6tietoja vai emme, ja jos n\u00e4in on, p\u00e4\u00e4sy kyseisiin henkil\u00f6tietoihin sek\u00e4 saada kaikki ep\u00e4tarkat tai puutteelliset henkil\u00f6tiedot oikaistaan tai valmiiksi. Tietyiss\u00e4 olosuhteissa sinulla voi my\u00f6s olla oikeus pyyt\u00e4\u00e4 henkil\u00f6tietojesi tai niiden osien poistamista tai k\u00e4sittelyn rajoittamista, vastustaa k\u00e4sittely\u00e4 (mukaan lukien suoramarkkinointimme) ja\/tai saada tiedot j\u00e4sennelty, yleisesti k\u00e4ytetty ja koneellisesti luettava muoto.<\/p>\n\n\n\n<p>Ota meihin yhteytt\u00e4 kaikissa yll\u00e4 olevien oikeuksien k\u00e4ytt\u00e4miseen liittyviss\u00e4 kysymyksiss\u00e4.<\/p>\n\n\n\n<p>Jos katsot, ett\u00e4 henkil\u00f6tietojesi k\u00e4sittelytoimintamme on sovellettavien tietosuojalakien vastaista, voit tehd\u00e4 valituksen asiasta vastaavalle valvontaviranomaiselle. Suomen valvontaviranomaisen yhteystiedot l\u00f6yd\u00e4t t\u00e4\u00e4lt\u00e4: <a href=\"http:\/\/www.tietosuoja.fi\" target=\"_blank\" rel=\"noreferrer noopener\">www.tietosuoja.fi<\/a><\/p>\n","protected":false},"excerpt":{"rendered":"<p>TIETOJA T\u00c4ST\u00c4 ASIAKIRJASTA Street Games Oy ( \u201cStreet Games\u201d tai \u201cme\u201d, \u201cmeid\u00e4n\u201d ja vastaavat ilmaisut) tarjoaa urheilutapahtumia ja ohessa aplikaatiota, jonka kautta tapahtumiin voi ilmoittautua. Kun palveluidemme k\u00e4ytt\u00e4j\u00e4 (\u201csin\u00e4\u201d ja vastaavat ilmaisut) rekister\u00f6ityy ja hakee ja k\u00e4ytt\u00e4\u00e4 palveluitamme, ker\u00e4\u00e4mme, k\u00e4yt\u00e4mme ja jaamme henkil\u00f6tietojasi t\u00e4ss\u00e4 selosteessa kuvatulla tavalla. Henkil\u00f6tiedoilla tarkoitamme mit\u00e4 tahansa henkil\u00f6\u00e4 koskevia tietoja, joista [&hellip;]<\/p>\n","protected":false},"author":1,"featured_media":0,"parent":0,"menu_order":0,"comment_status":"closed","ping_status":"closed","template":"","meta":{"_breakdance_hide_in_design_set":false,"_breakdance_tags":"","footnotes":""},"class_list":["post-96","page","type-page","status-publish","hentry"],"_links":{"self":[{"href":"https:\/\/sthockey.com\/en\/wp-json\/wp\/v2\/pages\/96","targetHints":{"allow":["GET"]}}],"collection":[{"href":"https:\/\/sthockey.com\/en\/wp-json\/wp\/v2\/pages"}],"about":[{"href":"https:\/\/sthockey.com\/en\/wp-json\/wp\/v2\/types\/page"}],"author":[{"embeddable":true,"href":"https:\/\/sthockey.com\/en\/wp-json\/wp\/v2\/users\/1"}],"replies":[{"embeddable":true,"href":"https:\/\/sthockey.com\/en\/wp-json\/wp\/v2\/comments?post=96"}],"version-history":[{"count":2,"href":"https:\/\/sthockey.com\/en\/wp-json\/wp\/v2\/pages\/96\/revisions"}],"predecessor-version":[{"id":98,"href":"https:\/\/sthockey.com\/en\/wp-json\/wp\/v2\/pages\/96\/revisions\/98"}],"wp:attachment":[{"href":"https:\/\/sthockey.com\/en\/wp-json\/wp\/v2\/media?parent=96"}],"curies":[{"name":"wp","href":"https:\/\/api.w.org\/{rel}","templated":true}]}}